{"id":47,"date":"2023-02-08T13:44:46","date_gmt":"2023-02-08T12:44:46","guid":{"rendered":"https:\/\/100100.pl\/index.php\/home\/"},"modified":"2025-03-22T12:26:42","modified_gmt":"2025-03-22T11:26:42","slug":"home","status":"publish","type":"page","link":"https:\/\/100100.pl\/","title":{"rendered":"Home"},"content":{"rendered":"<!--themify_builder_content-->\n<div id=\"themify_builder_content-47\" data-postid=\"47\" class=\"themify_builder_content themify_builder_content-47 themify_builder tf_clear\">\n    \t\t\t\t<div  data-lazy=\"1\" class=\"module_row themify_builder_row tb_p9di594 tb_first tf_w\">\n\t\t\t<span class=\"builder_row_cover tf_abs\"><\/span>\t\t\t<div class=\"row_inner col_align_top tb_col_count_1 tf_box tf_rel\">\n\t\t\t\t\t\t<div  data-lazy=\"1\" class=\"module_column tb-column col-full tb_xake595 first\">\n\t\t\t\t\t<!-- module text -->\n<div  class=\"module module-text tb_ncs0243   \" data-lazy=\"1\">\n\t    <div  class=\"tb_text_wrap\">\n\t\t<h1><em>\u015awiat polskiego filmu dokumentalnego<\/em><\/h1>    <\/div>\n<\/div>\n<!-- \/module text -->\t\t<\/div>\n\t\t\t\t\t\t<\/div>\n\t\t<\/div>\n\t\t\t\t\t\t<div  data-lazy=\"1\" class=\"module_row themify_builder_row tb_szum472 tf_w\">\n\t\t\t\t\t\t<div class=\"row_inner col_align_middle tb_col_count_2 tf_box tf_rel\">\n\t\t\t\t\t\t<div  data-lazy=\"1\" class=\"module_column tb-column col4-2 tb_m7t8473 first\">\n\t\t\t\t\t<!-- module image -->\n<div  class=\"module module-image tb_vkhr559 image-top   tf_mw\" data-lazy=\"1\" data-lax-translate-y=\"(vh*1) 0,(vh*0) -70\" data-lax=\"true\">\n        <div class=\"image-wrap tf_rel tf_mw\">\n\t\t    <img loading=\"lazy\" decoding=\"async\" src=\"https:\/\/100100.pl\/wp-content\/uploads\/2025\/03\/netflix-tablet-watching-7118854-1024x783-441x405.png\" width=\"441\" height=\"405\" class=\"wp-post-image wp-image-132\" title=\"netflix tablet watching 7118854\" alt=\"netflix tablet watching 7118854\">\t\n\t\t<\/div>\n\t<!-- \/image-wrap -->\n    \n    \t<\/div>\n<!-- \/module image -->\t\t<\/div>\n\t\t\t\t\t<div  data-lazy=\"1\" class=\"module_column tb-column col4-2 tb_1yx1829 last\">\n\t\t\t\t\t<!-- module text -->\n<div  class=\"module module-text tb_sbhe426   \" data-lazy=\"1\">\n\t    <div  class=\"tb_text_wrap\">\n\t\t<h2 class=\"\" data-start=\"1197\" data-end=\"1256\">Od PRL-u po er\u0119 Netfliksa \u2013 ewolucja polskiego dokumentu<\/h2>\n<p class=\"\" data-start=\"1258\" data-end=\"1767\">Historia polskiego filmu dokumentalnego to nie tylko opowie\u015b\u0107 o technice i narracji \u2013 to przede wszystkim \u015bwiadectwo czas\u00f3w. W latach PRL-u dokument pe\u0142ni\u0142 cz\u0119sto funkcj\u0119 propagandow\u0105, ale jednocze\u015bnie by\u0142 przestrzeni\u0105 niezwyk\u0142ej kreatywno\u015bci. Tw\u00f3rcy tacy jak Kazimierz Karabasz, Andrzej Brzozowski czy Krzysztof Kie\u015blowski uczyli si\u0119 operowa\u0107 metafor\u0105, aby m\u00f3wi\u0107 prawd\u0119 tam, gdzie dos\u0142owno\u015b\u0107 by\u0142a zakazana. Lata 50. i 60. to z\u0142ota era dokumentu \u2013 czas, w kt\u00f3rym obraz stawa\u0142 si\u0119 bardziej wyrazisty ni\u017c s\u0142owo.<\/p>\n<p class=\"\" data-start=\"1769\" data-end=\"2293\">Wraz z nadej\u015bciem transformacji ustrojowej dokument przeszed\u0142 kolejn\u0105 metamorfoz\u0119. Nowa wolno\u015b\u0107 przynios\u0142a nowe tematy \u2013 spo\u0142eczne, polityczne, obyczajowe. Dzi\u015b polski dokument konkuruje z najlepszymi na \u015bwiecie, zdobywaj\u0105c nagrody na presti\u017cowych festiwalach. Wsp\u00f3\u0142czesne produkcje jak &#8222;Komunia&#8221;, &#8222;In Touch&#8221; czy &#8222;\u015aciana cieni&#8221; s\u0105 dost\u0119pne szerokiej publiczno\u015bci dzi\u0119ki platformom VOD, a zainteresowanie gatunkiem ro\u015bnie w\u015br\u00f3d m\u0142odych widz\u00f3w. To najlepszy czas, by si\u0119gn\u0105\u0107 po polski dokument i da\u0107 si\u0119 wci\u0105gn\u0105\u0107 w jego \u015bwiat.<\/p>    <\/div>\n<\/div>\n<!-- \/module text -->\t\t<\/div>\n\t\t\t\t\t\t<\/div>\n\t\t<\/div>\n\t\t\t\t\t\t<div  data-css_id=\"k39z299\" data-lazy=\"1\" class=\"module_row themify_builder_row fullheight fullwidth tb_k39z299 tf_w\">\n\t\t\t\t\t\t<div class=\"row_inner col_align_middle gutter-none tb_col_count_2 tf_box tf_rel\">\n\t\t\t\t\t\t<div  data-lazy=\"1\" class=\"module_column tb-column col4-2 tb_rci3299 first\">\n\t\t<span class=\"builder_row_cover tf_abs\"><\/span>\t\t\t\t\t<\/div>\n\t\t\t\t\t<div  data-lazy=\"1\" class=\"module_column tb-column col4-2 tb_x795299 last\">\n\t\t\t\t\t<!-- module text -->\n<div  class=\"module module-text tb_e4oe299    wow\" data-tf-animation=\"flipInX\" data-lazy=\"1\">\n\t    <div  class=\"tb_text_wrap\">\n\t\t<h2 class=\"\" data-start=\"2300\" data-end=\"2360\">Nasze rankingi i plebiscyty \u2013 kt\u00f3re dokumenty warto zna\u0107?<\/h2>\n<p class=\"\" data-start=\"2362\" data-end=\"2849\">Na 100100.pl regularnie tworzymy rankingi i organizujemy plebiscyty, kt\u00f3re pomagaj\u0105 uporz\u0105dkowa\u0107 bogactwo polskiego kina dokumentalnego. Zestawienia &#8222;Najlepsze polskie dokumenty wszech czas\u00f3w&#8221; tworzone s\u0105 przez nasz\u0105 redakcj\u0119 z uwzgl\u0119dnieniem g\u0142os\u00f3w widz\u00f3w i ekspert\u00f3w. Chcemy pokaza\u0107 zar\u00f3wno klasyk\u0119, jak i nowe odkrycia, kt\u00f3re zas\u0142uguj\u0105 na uwag\u0119. Ka\u017cdy ranking to okazja do ponownego odkrycia film\u00f3w, kt\u00f3re przesz\u0142y do historii \u2013 nie tylko kinematografii, ale i spo\u0142ecznej \u015bwiadomo\u015bci.<\/p>\n<p class=\"\" data-start=\"2851\" data-end=\"3309\">Szczeg\u00f3ln\u0105 popularno\u015bci\u0105 ciesz\u0105 si\u0119 nasze przegl\u0105dy dokument\u00f3w dost\u0119pnych na Netfliksie i innych platformach VOD. Coraz wi\u0119cej widz\u00f3w szuka warto\u015bciowego kina online, dlatego rekomendujemy tytu\u0142y, kt\u00f3re poruszaj\u0105, ucz\u0105 i zostaj\u0105 w pami\u0119ci. Nie ograniczamy si\u0119 do najnowszych film\u00f3w \u2013 cz\u0119sto wracamy do produkcji starszych, ale aktualnych pod wzgl\u0119dem tematyki i formy. Nasze listy to co\u015b wi\u0119cej ni\u017c topki \u2013 to przewodniki po \u015bwiecie prawdy uchwyconej kamer\u0105.<\/p>    <\/div>\n<\/div>\n<!-- \/module text --><!-- module buttons -->\n<div  class=\"module module-buttons tb_5fwf299 buttons-horizontal outline  xlarge\" data-lazy=\"1\">\n\t\t<div class=\"module-buttons-item tf_in_flx\">\n\t\t\t\t\t\t<a href=\"https:\/\/100100.pl\/index.php\/category\/plebiscyty-i-rankingi-najlepszych-filmow-dokumentalnych\/\" class=\"ui builder_button tf_in_flx tb_default_color\" >\n\t\t\t\t\t\t\t\t\t\t\t\tPlebiscyty i rankingi\t\t\t\t\t\t\t\t\t\t<\/a>\n\t\t\t\t<\/div>\n\t\t\t<\/div>\n<!-- \/module buttons -->\n\t\t<\/div>\n\t\t\t\t\t\t<\/div>\n\t\t<\/div>\n\t\t\t\t\t\t<div  data-lazy=\"1\" class=\"module_row themify_builder_row tb_q0j233 tf_w\">\n\t\t\t<span class=\"builder_row_cover tf_abs\"><\/span>\t\t\t<div class=\"row_inner col_align_top tb_col_count_1 tf_box tf_rel\">\n\t\t\t\t\t\t<div  data-lazy=\"1\" class=\"module_column tb-column col-full tb_7t3a33 first\">\n\t\t\t\t\t<!-- module text -->\n<div  class=\"module module-text tb_4g5y174   \" data-lazy=\"1\">\n\t    <div  class=\"tb_text_wrap\">\n\t\t<h2 class=\"\" data-start=\"3316\" data-end=\"3384\">Recenzje z g\u0142\u0119bi \u2013 kiedy dokument staje si\u0119 lustrem spo\u0142ecze\u0144stwa<\/h2>\n<p class=\"\" data-start=\"3386\" data-end=\"3796\">W sekcji recenzji i analiz zag\u0142\u0119biamy si\u0119 w tre\u015b\u0107, form\u0119 i przes\u0142anie polskich film\u00f3w dokumentalnych. Nie skupiamy si\u0119 wy\u0142\u0105cznie na ocenie \u2013 zale\u017cy nam na zrozumieniu, co film m\u00f3wi o nas samych, o spo\u0142ecze\u0144stwie, w kt\u00f3rym \u017cyjemy, i o mechanizmach, kt\u00f3re wp\u0142ywaj\u0105 na nasze postrzeganie rzeczywisto\u015bci. Ka\u017cda recenzja to pr\u00f3ba wej\u015bcia pod powierzchni\u0119 obrazu \u2013 dotarcia do intencji tw\u00f3rcy, ale te\u017c odbioru widza.<\/p>\n<p class=\"\" data-start=\"3798\" data-end=\"4232\">Analizujemy tak\u017ce, kiedy dokument przestaje by\u0107 jedynie opowie\u015bci\u0105, a staje si\u0119 form\u0105 propagandy. W Polsce historia dokumentu to r\u00f3wnie\u017c historia manipulacji \u2013 filmy z PRL-u cz\u0119sto prezentowa\u0142y \u015bwiat nie takim, jakim by\u0142, ale jakim mia\u0142 si\u0119 wydawa\u0107. Pokazujemy, jak wsp\u00f3\u0142czesne dokumenty pr\u00f3buj\u0105 rozliczy\u0107 si\u0119 z przesz\u0142o\u015bci\u0105, a jednocze\u015bnie stawiaj\u0105 nowe pytania o etyk\u0119, odpowiedzialno\u015b\u0107 tw\u00f3rcy i granice ingerencji w \u017cycie bohatera.<\/p>    <\/div>\n<\/div>\n<!-- \/module text --><!-- module buttons -->\n<div  class=\"module module-buttons tb_j8a9429 buttons-horizontal solid  \" data-lazy=\"1\">\n\t\t<div class=\"module-buttons-item tf_in_flx\">\n\t\t\t\t\t\t<a href=\"https:\/\/100100.pl\/index.php\/category\/recenzje-i-analizy-filmow-dokumentalnych\/\" class=\"ui builder_button tf_in_flx tb_default_color\" >\n\t\t\t\t\t\t\t\t\t\t\t\tRecenzje i analizy\t\t\t\t\t\t\t\t\t\t<\/a>\n\t\t\t\t<\/div>\n\t\t\t<\/div>\n<!-- \/module buttons -->\n\t\t<\/div>\n\t\t\t\t\t\t<\/div>\n\t\t<\/div>\n\t\t\t\t\t\t<div  data-lazy=\"1\" class=\"module_row themify_builder_row tb_w63j618 tf_w\">\n\t\t\t\t\t\t<div class=\"row_inner col_align_top tb_col_count_2 tf_box tf_rel\">\n\t\t\t\t\t\t<div  data-lazy=\"1\" class=\"module_column tb-column col3-1 tb_huse619 first\">\n\t\t\t\t\t<!-- module fancy heading -->\n<div  class=\"module module-fancy-heading tb_bjws619  tb_hide_divider\" data-lazy=\"1\">\n\t    <h3 class=\"fancy-heading tf_textl\">\n    <span class=\"main-head tf_block\">\n\t\t\t\t\tNajnowsze wpisy\t\t    <\/span>\n\n\t\n    <span class=\"sub-head tf_block tf_rel\">\n\t\t\t\t\tAktualno\u015bci\t\t    <\/span>\n    <\/h3>\n<\/div>\n<!-- \/module fancy heading -->\n\t\t<\/div>\n\t\t\t\t\t<div  data-lazy=\"1\" class=\"module_column tb-column col3-2 tb_hdxi15 last\">\n\t\t\t\t\t<!-- module post -->\n<div  class=\"module module-post tb_d89l170 \">\n    <div  class=\"builder-posts-wrap loops-wrapper grid2 masonry classic tf_rel tf_clear tf_clearfix\" data-lazy=\"1\">\n\t<article id=\"post-322\" class=\"post tf_clearfix post-322 type-post status-publish format-standard has-post-thumbnail hentry category-historia-i-epoki-polskiego-filmu-dokumentalnego has-post-title has-post-date has-post-category has-post-tag has-post-comment has-post-author \">\n\t    \n\t\t\t\t\t<figure class=\"post-image tf_clearfix\">\n\t\t\t\t\t\t\t\t\t\t\t\t\t\t\t<a href=\"https:\/\/100100.pl\/index.php\/2025\/12\/25\/historia-polskiego-dokumentu-przeglad-epok-ktore-go-uksztaltowaly\/\">\n\t\t\t\t\t\t\t\t\t\t<img loading=\"lazy\" decoding=\"async\" width=\"1280\" height=\"853\" src=\"https:\/\/100100.pl\/wp-content\/uploads\/2025\/03\/film-cinema-movie-bobbin-filmstrip-4591329-2.jpg\" class=\"wp-post-image wp-image-99\" title=\"film cinema movie bobbin filmstrip 4591329\" alt=\"film cinema movie bobbin filmstrip 4591329\" srcset=\"https:\/\/100100.pl\/wp-content\/uploads\/2025\/03\/film-cinema-movie-bobbin-filmstrip-4591329-2.jpg 1280w, https:\/\/100100.pl\/wp-content\/uploads\/2025\/03\/film-cinema-movie-bobbin-filmstrip-4591329-2-300x200.jpg 300w, https:\/\/100100.pl\/wp-content\/uploads\/2025\/03\/film-cinema-movie-bobbin-filmstrip-4591329-2-1024x682.jpg 1024w, https:\/\/100100.pl\/wp-content\/uploads\/2025\/03\/film-cinema-movie-bobbin-filmstrip-4591329-2-768x512.jpg 768w\" sizes=\"auto, (max-width: 1280px) 100vw, 1280px\" \/>\t\t\t\t\t\t\t\t\t\t\t\t\t\t\t\t\t<\/a>\n\t\t\t\t\t\t\t\t\t\t\t\t\t\t\t\t<\/figure>\n\t\t\t\t\t\t<div class=\"post-content\">\n\t\t<div class=\"post-content-inner\">\n\n\t\t\t\t\t\t\t\t<div class=\"post-date-wrap post-date-inline\">\n\t\t<time class=\"post-date entry-date updated\" datetime=\"2025-12-25\">\n\t\t\t\t\t<span class=\"year\">2025-12-25<\/span>\n\t\t\t\t<\/time>\n\t<\/div><!-- .post-date-wrap -->\n\t\t\t\t\n\t\t\t<h2 class=\"post-title entry-title\"><a href=\"https:\/\/100100.pl\/index.php\/2025\/12\/25\/historia-polskiego-dokumentu-przeglad-epok-ktore-go-uksztaltowaly\/\">Historia polskiego dokumentu \u2013 przegl\u0105d epok, kt\u00f3re go ukszta\u0142towa\u0142y<\/a><\/h2>\n\t\t\t\n\t\t\t\n\t\t\t\t\t<div class=\"entry-content\">\n\n\t\t\n\t\t<\/div><!-- \/.entry-content -->\n\t\t\n\t\t<\/div>\n\t\t<!-- \/.post-content-inner -->\n\t<\/div>\n\t<!-- \/.post-content -->\n\t\n<\/article>\n<!-- \/.post -->\n<article id=\"post-320\" class=\"post tf_clearfix post-320 type-post status-publish format-standard has-post-thumbnail hentry category-poradnik has-post-title has-post-date has-post-category has-post-tag has-post-comment has-post-author \">\n\t    \n\t\t\t\t\t<figure class=\"post-image tf_clearfix\">\n\t\t\t\t\t\t\t\t\t\t\t\t\t\t\t<a href=\"https:\/\/100100.pl\/index.php\/2025\/12\/25\/gdzie-szukac-inspiracji-do-filmu-dokumentalnego-pomysly-i-wskazowki\/\">\n\t\t\t\t\t\t\t\t\t\t<img loading=\"lazy\" decoding=\"async\" width=\"1080\" height=\"574\" src=\"https:\/\/100100.pl\/wp-content\/uploads\/2026\/02\/film-archive-1.jpg\" class=\"wp-post-image wp-image-319\" title=\"film archive\" alt=\"Gdzie szuka\u0107 inspiracji do filmu dokumentalnego? Pomys\u0142y i wskaz\u00f3wki\" srcset=\"https:\/\/100100.pl\/wp-content\/uploads\/2026\/02\/film-archive-1.jpg 1080w, https:\/\/100100.pl\/wp-content\/uploads\/2026\/02\/film-archive-1-300x159.jpg 300w, https:\/\/100100.pl\/wp-content\/uploads\/2026\/02\/film-archive-1-1024x544.jpg 1024w, https:\/\/100100.pl\/wp-content\/uploads\/2026\/02\/film-archive-1-768x408.jpg 768w\" sizes=\"auto, (max-width: 1080px) 100vw, 1080px\" \/>\t\t\t\t\t\t\t\t\t\t\t\t\t\t\t\t\t<\/a>\n\t\t\t\t\t\t\t\t\t\t\t\t\t\t\t\t<\/figure>\n\t\t\t\t\t\t<div class=\"post-content\">\n\t\t<div class=\"post-content-inner\">\n\n\t\t\t\t\t\t\t\t<div class=\"post-date-wrap post-date-inline\">\n\t\t<time class=\"post-date entry-date updated\" datetime=\"2025-12-25\">\n\t\t\t\t\t<span class=\"year\">2025-12-25<\/span>\n\t\t\t\t<\/time>\n\t<\/div><!-- .post-date-wrap -->\n\t\t\t\t\n\t\t\t<h2 class=\"post-title entry-title\"><a href=\"https:\/\/100100.pl\/index.php\/2025\/12\/25\/gdzie-szukac-inspiracji-do-filmu-dokumentalnego-pomysly-i-wskazowki\/\">Gdzie szuka\u0107 inspiracji do filmu dokumentalnego? Pomys\u0142y i wskaz\u00f3wki<\/a><\/h2>\n\t\t\t\n\t\t\t\n\t\t\t\t\t<div class=\"entry-content\">\n\n\t\t\n\t\t<\/div><!-- \/.entry-content -->\n\t\t\n\t\t<\/div>\n\t\t<!-- \/.post-content-inner -->\n\t<\/div>\n\t<!-- \/.post-content -->\n\t\n<\/article>\n<!-- \/.post -->\n\t<\/div><!-- .builder-posts-wrap -->\n\t\t\t<\/div>\n<!-- \/module post -->\n\t\t\t<\/div>\n\t\t\t\t\t\t<\/div>\n\t\t<\/div>\n\t\t\t\t\t\t<div  data-lazy=\"1\" class=\"module_row themify_builder_row tb_d9j9616 tf_w\">\n\t\t\t\t\t\t<div class=\"row_inner col_align_middle tb_col_count_2 tf_box tf_rel\">\n\t\t\t\t\t\t<div  data-lazy=\"1\" class=\"module_column tb-column col4-2 tb_op7h616 first\">\n\t\t\t\t\t<!-- module text -->\n<div  class=\"module module-text tb_u0pz616   \" data-lazy=\"1\">\n\t    <div  class=\"tb_text_wrap\">\n\t\t<h2 class=\"\" data-start=\"4239\" data-end=\"4293\">Tw\u00f3rcy, kt\u00f3rzy zmienili oblicze polskiego dokumentu<\/h2>\n<p class=\"\" data-start=\"4295\" data-end=\"4693\">Nie by\u0142oby wielkiego dokumentu bez wielkich nazwisk. Na 100100.pl przedstawiamy sylwetki tw\u00f3rc\u00f3w, kt\u00f3rzy swoj\u0105 wra\u017cliwo\u015bci\u0105, konsekwencj\u0105 i talentem ukszta\u0142towali j\u0119zyk polskiego dokumentu. Od mistrz\u00f3w klasycznych jak Kazimierz Karabasz i Andrzej Fidyk, po wsp\u00f3\u0142czesnych autor\u00f3w jak Pawe\u0142 \u0141ozi\u0144ski, Marta Prus czy Marcin Kosza\u0142ka \u2013 wszyscy oni tworzyli filmy, kt\u00f3re m\u00f3wi\u0142y wi\u0119cej ni\u017c niejeden esej.<\/p>\n<p class=\"\" data-start=\"4695\" data-end=\"5163\">Zagl\u0105damy tak\u017ce za kulisy \u2013 pokazujemy, jak wygl\u0105da proces powstawania dokumentu, od pomys\u0142u po monta\u017c. Rozmawiamy z re\u017cyserami, monta\u017cystami i producentami, kt\u00f3rzy zdradzaj\u0105 tajniki swojej pracy. Tworzenie filmu dokumentalnego to nie tylko technika \u2013 to sztuka opowiadania prawdy w spos\u00f3b, kt\u00f3ry porusza, sk\u0142ania do refleksji i nie zostawia oboj\u0119tnym. To w\u0142a\u015bnie o takich tw\u00f3rcach chcemy m\u00f3wi\u0107 \u2013 tych, kt\u00f3rzy potrafi\u0105 zatrzyma\u0107 czas i pokaza\u0107 \u015bwiat takim, jakim jest.<\/p>    <\/div>\n<\/div>\n<!-- \/module text -->\t\t<\/div>\n\t\t\t\t\t<div  data-lazy=\"1\" class=\"module_column tb-column col4-2 tb_fn40616 last\">\n\t\t\t\t\t<!-- module image -->\n<div  class=\"module module-image tb_uti4616 image-top   tf_mw\" data-lazy=\"1\" data-lax-translate-y=\"(vh*1) 0,(vh*0) -70\" data-lax=\"true\">\n        <div class=\"image-wrap tf_rel tf_mw\">\n\t\t    <img loading=\"lazy\" decoding=\"async\" src=\"https:\/\/100100.pl\/wp-content\/uploads\/2025\/03\/netflix-tv-entertainment-remote-6048163-1024x410-585x228.png\" width=\"585\" height=\"228\" class=\"wp-post-image wp-image-133\" title=\"netflix tv entertainment remote 6048163\" alt=\"netflix tv entertainment remote 6048163\">\t\n\t\t<\/div>\n\t<!-- \/image-wrap -->\n    \n    \t<\/div>\n<!-- \/module image -->\t\t<\/div>\n\t\t\t\t\t\t<\/div>\n\t\t<\/div>\n\t\t<\/div>\n<!--\/themify_builder_content-->","protected":false},"excerpt":{"rendered":"<p>\u015awiat polskiego filmu dokumentalnego<\/p>\n","protected":false},"author":1,"featured_media":0,"parent":0,"menu_order":0,"comment_status":"closed","ping_status":"closed","template":"","meta":{"footnotes":""},"class_list":["post-47","page","type-page","status-publish","hentry","has-post-title","has-post-date","has-post-category","has-post-tag","has-post-comment","has-post-author",""],"aioseo_notices":[],"builder_content":"<h1><em>\u015awiat polskiego filmu dokumentalnego<\/em><\/h1>\n<img src=\"https:\/\/100100.pl\/wp-content\/uploads\/2025\/03\/netflix-tablet-watching-7118854-1024x783-441x405.png\" width=\"441\" height=\"405\" title=\"netflix tablet watching 7118854\" alt=\"netflix tablet watching 7118854\">\n<h2 data-start=\"1197\" data-end=\"1256\">Od PRL-u po er\u0119 Netfliksa \u2013 ewolucja polskiego dokumentu<\/h2> <p data-start=\"1258\" data-end=\"1767\">Historia polskiego filmu dokumentalnego to nie tylko opowie\u015b\u0107 o technice i narracji \u2013 to przede wszystkim \u015bwiadectwo czas\u00f3w. W latach PRL-u dokument pe\u0142ni\u0142 cz\u0119sto funkcj\u0119 propagandow\u0105, ale jednocze\u015bnie by\u0142 przestrzeni\u0105 niezwyk\u0142ej kreatywno\u015bci. Tw\u00f3rcy tacy jak Kazimierz Karabasz, Andrzej Brzozowski czy Krzysztof Kie\u015blowski uczyli si\u0119 operowa\u0107 metafor\u0105, aby m\u00f3wi\u0107 prawd\u0119 tam, gdzie dos\u0142owno\u015b\u0107 by\u0142a zakazana. Lata 50. i 60. to z\u0142ota era dokumentu \u2013 czas, w kt\u00f3rym obraz stawa\u0142 si\u0119 bardziej wyrazisty ni\u017c s\u0142owo.<\/p> <p data-start=\"1769\" data-end=\"2293\">Wraz z nadej\u015bciem transformacji ustrojowej dokument przeszed\u0142 kolejn\u0105 metamorfoz\u0119. Nowa wolno\u015b\u0107 przynios\u0142a nowe tematy \u2013 spo\u0142eczne, polityczne, obyczajowe. Dzi\u015b polski dokument konkuruje z najlepszymi na \u015bwiecie, zdobywaj\u0105c nagrody na presti\u017cowych festiwalach. Wsp\u00f3\u0142czesne produkcje jak \"Komunia\", \"In Touch\" czy \"\u015aciana cieni\" s\u0105 dost\u0119pne szerokiej publiczno\u015bci dzi\u0119ki platformom VOD, a zainteresowanie gatunkiem ro\u015bnie w\u015br\u00f3d m\u0142odych widz\u00f3w. To najlepszy czas, by si\u0119gn\u0105\u0107 po polski dokument i da\u0107 si\u0119 wci\u0105gn\u0105\u0107 w jego \u015bwiat.<\/p>\n<h2 data-start=\"2300\" data-end=\"2360\">Nasze rankingi i plebiscyty \u2013 kt\u00f3re dokumenty warto zna\u0107?<\/h2> <p data-start=\"2362\" data-end=\"2849\">Na 100100.pl regularnie tworzymy rankingi i organizujemy plebiscyty, kt\u00f3re pomagaj\u0105 uporz\u0105dkowa\u0107 bogactwo polskiego kina dokumentalnego. Zestawienia \"Najlepsze polskie dokumenty wszech czas\u00f3w\" tworzone s\u0105 przez nasz\u0105 redakcj\u0119 z uwzgl\u0119dnieniem g\u0142os\u00f3w widz\u00f3w i ekspert\u00f3w. Chcemy pokaza\u0107 zar\u00f3wno klasyk\u0119, jak i nowe odkrycia, kt\u00f3re zas\u0142uguj\u0105 na uwag\u0119. Ka\u017cdy ranking to okazja do ponownego odkrycia film\u00f3w, kt\u00f3re przesz\u0142y do historii \u2013 nie tylko kinematografii, ale i spo\u0142ecznej \u015bwiadomo\u015bci.<\/p> <p data-start=\"2851\" data-end=\"3309\">Szczeg\u00f3ln\u0105 popularno\u015bci\u0105 ciesz\u0105 si\u0119 nasze przegl\u0105dy dokument\u00f3w dost\u0119pnych na Netfliksie i innych platformach VOD. Coraz wi\u0119cej widz\u00f3w szuka warto\u015bciowego kina online, dlatego rekomendujemy tytu\u0142y, kt\u00f3re poruszaj\u0105, ucz\u0105 i zostaj\u0105 w pami\u0119ci. Nie ograniczamy si\u0119 do najnowszych film\u00f3w \u2013 cz\u0119sto wracamy do produkcji starszych, ale aktualnych pod wzgl\u0119dem tematyki i formy. Nasze listy to co\u015b wi\u0119cej ni\u017c topki \u2013 to przewodniki po \u015bwiecie prawdy uchwyconej kamer\u0105.<\/p>\n<a href=\"https:\/\/100100.pl\/index.php\/category\/plebiscyty-i-rankingi-najlepszych-filmow-dokumentalnych\/\" > Plebiscyty i rankingi <\/a>\n<h2 data-start=\"3316\" data-end=\"3384\">Recenzje z g\u0142\u0119bi \u2013 kiedy dokument staje si\u0119 lustrem spo\u0142ecze\u0144stwa<\/h2> <p data-start=\"3386\" data-end=\"3796\">W sekcji recenzji i analiz zag\u0142\u0119biamy si\u0119 w tre\u015b\u0107, form\u0119 i przes\u0142anie polskich film\u00f3w dokumentalnych. Nie skupiamy si\u0119 wy\u0142\u0105cznie na ocenie \u2013 zale\u017cy nam na zrozumieniu, co film m\u00f3wi o nas samych, o spo\u0142ecze\u0144stwie, w kt\u00f3rym \u017cyjemy, i o mechanizmach, kt\u00f3re wp\u0142ywaj\u0105 na nasze postrzeganie rzeczywisto\u015bci. Ka\u017cda recenzja to pr\u00f3ba wej\u015bcia pod powierzchni\u0119 obrazu \u2013 dotarcia do intencji tw\u00f3rcy, ale te\u017c odbioru widza.<\/p> <p data-start=\"3798\" data-end=\"4232\">Analizujemy tak\u017ce, kiedy dokument przestaje by\u0107 jedynie opowie\u015bci\u0105, a staje si\u0119 form\u0105 propagandy. W Polsce historia dokumentu to r\u00f3wnie\u017c historia manipulacji \u2013 filmy z PRL-u cz\u0119sto prezentowa\u0142y \u015bwiat nie takim, jakim by\u0142, ale jakim mia\u0142 si\u0119 wydawa\u0107. Pokazujemy, jak wsp\u00f3\u0142czesne dokumenty pr\u00f3buj\u0105 rozliczy\u0107 si\u0119 z przesz\u0142o\u015bci\u0105, a jednocze\u015bnie stawiaj\u0105 nowe pytania o etyk\u0119, odpowiedzialno\u015b\u0107 tw\u00f3rcy i granice ingerencji w \u017cycie bohatera.<\/p>\n<a href=\"https:\/\/100100.pl\/index.php\/category\/recenzje-i-analizy-filmow-dokumentalnych\/\" > Recenzje i analizy <\/a>\n<h3>Najnowsze wpisy<br\/>Aktualno\u015bci<\/h3>\n<h2 data-start=\"4239\" data-end=\"4293\">Tw\u00f3rcy, kt\u00f3rzy zmienili oblicze polskiego dokumentu<\/h2> <p data-start=\"4295\" data-end=\"4693\">Nie by\u0142oby wielkiego dokumentu bez wielkich nazwisk. Na 100100.pl przedstawiamy sylwetki tw\u00f3rc\u00f3w, kt\u00f3rzy swoj\u0105 wra\u017cliwo\u015bci\u0105, konsekwencj\u0105 i talentem ukszta\u0142towali j\u0119zyk polskiego dokumentu. Od mistrz\u00f3w klasycznych jak Kazimierz Karabasz i Andrzej Fidyk, po wsp\u00f3\u0142czesnych autor\u00f3w jak Pawe\u0142 \u0141ozi\u0144ski, Marta Prus czy Marcin Kosza\u0142ka \u2013 wszyscy oni tworzyli filmy, kt\u00f3re m\u00f3wi\u0142y wi\u0119cej ni\u017c niejeden esej.<\/p> <p data-start=\"4695\" data-end=\"5163\">Zagl\u0105damy tak\u017ce za kulisy \u2013 pokazujemy, jak wygl\u0105da proces powstawania dokumentu, od pomys\u0142u po monta\u017c. Rozmawiamy z re\u017cyserami, monta\u017cystami i producentami, kt\u00f3rzy zdradzaj\u0105 tajniki swojej pracy. Tworzenie filmu dokumentalnego to nie tylko technika \u2013 to sztuka opowiadania prawdy w spos\u00f3b, kt\u00f3ry porusza, sk\u0142ania do refleksji i nie zostawia oboj\u0119tnym. To w\u0142a\u015bnie o takich tw\u00f3rcach chcemy m\u00f3wi\u0107 \u2013 tych, kt\u00f3rzy potrafi\u0105 zatrzyma\u0107 czas i pokaza\u0107 \u015bwiat takim, jakim jest.<\/p>\n<img src=\"https:\/\/100100.pl\/wp-content\/uploads\/2025\/03\/netflix-tv-entertainment-remote-6048163-1024x410-585x228.png\" width=\"585\" height=\"228\" title=\"netflix tv entertainment remote 6048163\" alt=\"netflix tv entertainment remote 6048163\">","_links":{"self":[{"href":"https:\/\/100100.pl\/index.php\/wp-json\/wp\/v2\/pages\/47","targetHints":{"allow":["GET"]}}],"collection":[{"href":"https:\/\/100100.pl\/index.php\/wp-json\/wp\/v2\/pages"}],"about":[{"href":"https:\/\/100100.pl\/index.php\/wp-json\/wp\/v2\/types\/page"}],"author":[{"embeddable":true,"href":"https:\/\/100100.pl\/index.php\/wp-json\/wp\/v2\/users\/1"}],"replies":[{"embeddable":true,"href":"https:\/\/100100.pl\/index.php\/wp-json\/wp\/v2\/comments?post=47"}],"version-history":[{"count":10,"href":"https:\/\/100100.pl\/index.php\/wp-json\/wp\/v2\/pages\/47\/revisions"}],"predecessor-version":[{"id":143,"href":"https:\/\/100100.pl\/index.php\/wp-json\/wp\/v2\/pages\/47\/revisions\/143"}],"wp:attachment":[{"href":"https:\/\/100100.pl\/index.php\/wp-json\/wp\/v2\/media?parent=47"}],"curies":[{"name":"wp","href":"https:\/\/api.w.org\/{rel}","templated":true}]}}